{"id":37357,"date":"2022-07-06T07:17:02","date_gmt":"2022-07-06T05:17:02","guid":{"rendered":"https:\/\/staging.fast-gas.com\/product\/fastgas-originalni-cilindar-s-dusikovim-oksidom\/"},"modified":"2025-06-24T18:49:26","modified_gmt":"2025-06-24T16:49:26","slug":"fastgas-original-azot-oksidni-cilindar","status":"publish","type":"product","link":"https:\/\/f-whip.info\/sr\/product\/fastgas-original-azot-oksidni-cilindar\/","title":{"rendered":"FastGas Punja\u010d Za \u0161Lag Original 670g"},"excerpt":{"rendered":"<p>Evropski kvalitet azot-oksida u sigurnoj i jednokratnoj \u010deli\u010dnoj boci.<\/p>\n<p>Efikasan i uvek maksimalno napunjen, ovaj 670g cilindar je najprodavanija veli\u010dina na\u0161eg globalno prepoznatljivog brenda.<\/p>\n<p>FastGas pravi najpu\u0161kastiji \u0161lag, espume za koktele, sosove i jo\u0161 mnogo toga.<\/p>\n<p>Novi dizajn uklju\u010duje verifikacioni KR kod. <a href=\"https:\/\/f-whip.info\/sr\/verify\/\/\">Nau\u010dite kako da verifikujete svoju bocu<\/a>.<\/p>\n<p><strong>*Svaka paleta FastGas\u00ae 670g sadr\u017ei 75 kutija (6 boca po kutiji)<\/strong><\/p>\n","protected":false},"featured_media":42268,"template":"","meta":{"_acf_changed":false},"product_brand":[],"product_cat":[485,486,495],"product_tag":[],"class_list":{"0":"post-37357","1":"product","2":"type-product","3":"status-publish","4":"has-post-thumbnail","6":"product_cat-cream-chargers-sr","7":"product_cat-nitrous-oxide-sr","8":"product_cat-svi","10":"first","11":"instock","12":"taxable","13":"shipping-taxable","14":"product-type-simple"},"acf":[],"_links":{"self":[{"href":"https:\/\/f-whip.info\/sr\/wp-json\/wp\/v2\/product\/37357","targetHints":{"allow":["GET"]}}],"collection":[{"href":"https:\/\/f-whip.info\/sr\/wp-json\/wp\/v2\/product"}],"about":[{"href":"https:\/\/f-whip.info\/sr\/wp-json\/wp\/v2\/types\/product"}],"wp:featuredmedia":[{"embeddable":true,"href":"https:\/\/f-whip.info\/sr\/wp-json\/wp\/v2\/media\/42268"}],"wp:attachment":[{"href":"https:\/\/f-whip.info\/sr\/wp-json\/wp\/v2\/media?parent=37357"}],"wp:term":[{"taxonomy":"product_brand","embeddable":true,"href":"https:\/\/f-whip.info\/sr\/wp-json\/wp\/v2\/product_brand?post=37357"},{"taxonomy":"product_cat","embeddable":true,"href":"https:\/\/f-whip.info\/sr\/wp-json\/wp\/v2\/product_cat?post=37357"},{"taxonomy":"product_tag","embeddable":true,"href":"https:\/\/f-whip.info\/sr\/wp-json\/wp\/v2\/product_tag?post=37357"}],"curies":[{"name":"wp","href":"https:\/\/api.w.org\/{rel}","templated":true}]}}