{"id":37409,"date":"2024-02-28T14:55:10","date_gmt":"2024-02-28T13:55:10","guid":{"rendered":"https:\/\/staging.fast-gas.com\/product\/fastgas-strawberry-nitrous-oxide-cylinder-670-grams\/"},"modified":"2025-06-24T18:56:33","modified_gmt":"2025-06-24T16:56:33","slug":"fastgas-cilindar-sa-azot-oksidom-ukus-jagoda-670-grama","status":"publish","type":"product","link":"https:\/\/f-whip.info\/sr\/product\/fastgas-cilindar-sa-azot-oksidom-ukus-jagoda-670-grama\/","title":{"rendered":"FastGas Punja\u010d Za \u0161Lag Sa Ukusom Jagode 670g"},"excerpt":{"rendered":"<p>Poznati FastGas N2O, ali s predivnim ukusom jagode.<\/p>\n<p>Cilindar od 670g je najmanja veli\u010dina u na\u0161oj ponudi: efikasan, za jednokratnu upotrebu i uvek najbolji evropski kvalitet.<\/p>\n<p>FastGas stvara najmek\u0161i \u0161lag, espume za koktele, soseve i jo\u0161 mnogo toga.<\/p>\n<p>Novi dizajn uklju\u010duje verifikacioni KR kod. <a href=\"https:\/\/f-whip.info\/sr\/verify\/\/\">Nau\u010dite kako da verifikujete svoju bocu<\/a>.<\/p>\n<p><strong>Uklju\u010deno u me\u0161avinu od 6 ukusa.<br \/>\n*Svaka paleta FastGas\u00ae 670g sadr\u017ei 75 kutija (6 raznovrsnih boca po kutiji)<\/strong><\/p>\n","protected":false},"featured_media":42312,"template":"","meta":{"_acf_changed":false},"product_brand":[],"product_cat":[485,486,495],"product_tag":[],"class_list":{"0":"post-37409","1":"product","2":"type-product","3":"status-publish","4":"has-post-thumbnail","6":"product_cat-cream-chargers-sr","7":"product_cat-nitrous-oxide-sr","8":"product_cat-svi","10":"first","11":"instock","12":"taxable","13":"shipping-taxable","14":"product-type-simple"},"acf":[],"_links":{"self":[{"href":"https:\/\/f-whip.info\/sr\/wp-json\/wp\/v2\/product\/37409","targetHints":{"allow":["GET"]}}],"collection":[{"href":"https:\/\/f-whip.info\/sr\/wp-json\/wp\/v2\/product"}],"about":[{"href":"https:\/\/f-whip.info\/sr\/wp-json\/wp\/v2\/types\/product"}],"wp:featuredmedia":[{"embeddable":true,"href":"https:\/\/f-whip.info\/sr\/wp-json\/wp\/v2\/media\/42312"}],"wp:attachment":[{"href":"https:\/\/f-whip.info\/sr\/wp-json\/wp\/v2\/media?parent=37409"}],"wp:term":[{"taxonomy":"product_brand","embeddable":true,"href":"https:\/\/f-whip.info\/sr\/wp-json\/wp\/v2\/product_brand?post=37409"},{"taxonomy":"product_cat","embeddable":true,"href":"https:\/\/f-whip.info\/sr\/wp-json\/wp\/v2\/product_cat?post=37409"},{"taxonomy":"product_tag","embeddable":true,"href":"https:\/\/f-whip.info\/sr\/wp-json\/wp\/v2\/product_tag?post=37409"}],"curies":[{"name":"wp","href":"https:\/\/api.w.org\/{rel}","templated":true}]}}