{"id":37422,"date":"2024-02-28T15:11:56","date_gmt":"2024-02-28T14:11:56","guid":{"rendered":"https:\/\/staging.fast-gas.com\/product\/fastgas-coconut-nitrous-oxide-cylinder-670-grams\/"},"modified":"2025-06-24T18:56:06","modified_gmt":"2025-06-24T16:56:06","slug":"fastgas-kokosov-cilindar-azot-oksidom-670-grama","status":"publish","type":"product","link":"https:\/\/f-whip.info\/sr\/product\/fastgas-kokosov-cilindar-azot-oksidom-670-grama\/","title":{"rendered":"FastGas Punja\u010d Za \u0161Lag Sa Ukusom Kokosa 670g"},"excerpt":{"rendered":"<p>Poznati FastGas N2O sada u predivnom kokos ukusu.<\/p>\n<p>670g je najmanja veli\u010dina koju nudimo: efikasna, za jednokratnu upotrebu i uvek najboljeg evropskog kvaliteta.<\/p>\n<p>FastGas pravi najmeka\u0161i \u0161lag, espume za koktele, sosove i jo\u0161 mnogo toga.<\/p>\n<p>Novi dizajn uklju\u010duje verifikacioni KR kod. <a href=\"https:\/\/f-whip.info\/sr\/verify\/\/\">Nau\u010dite kako da verifikujete svoju bocu<\/a>.<\/p>\n<p><strong>Uklju\u010deno u me\u0161avinu od 6 ukusa.<br \/>\n*Svaka paleta FastGas\u00ae 670g sadr\u017ei 75 kutija (6 raznovrsnih boca po kutiji)<\/strong><\/p>\n","protected":false},"featured_media":42358,"template":"","meta":{"_acf_changed":false},"product_brand":[],"product_cat":[485,486,495],"product_tag":[],"class_list":{"0":"post-37422","1":"product","2":"type-product","3":"status-publish","4":"has-post-thumbnail","6":"product_cat-cream-chargers-sr","7":"product_cat-nitrous-oxide-sr","8":"product_cat-svi","10":"first","11":"instock","12":"taxable","13":"shipping-taxable","14":"product-type-simple"},"acf":[],"_links":{"self":[{"href":"https:\/\/f-whip.info\/sr\/wp-json\/wp\/v2\/product\/37422","targetHints":{"allow":["GET"]}}],"collection":[{"href":"https:\/\/f-whip.info\/sr\/wp-json\/wp\/v2\/product"}],"about":[{"href":"https:\/\/f-whip.info\/sr\/wp-json\/wp\/v2\/types\/product"}],"wp:featuredmedia":[{"embeddable":true,"href":"https:\/\/f-whip.info\/sr\/wp-json\/wp\/v2\/media\/42358"}],"wp:attachment":[{"href":"https:\/\/f-whip.info\/sr\/wp-json\/wp\/v2\/media?parent=37422"}],"wp:term":[{"taxonomy":"product_brand","embeddable":true,"href":"https:\/\/f-whip.info\/sr\/wp-json\/wp\/v2\/product_brand?post=37422"},{"taxonomy":"product_cat","embeddable":true,"href":"https:\/\/f-whip.info\/sr\/wp-json\/wp\/v2\/product_cat?post=37422"},{"taxonomy":"product_tag","embeddable":true,"href":"https:\/\/f-whip.info\/sr\/wp-json\/wp\/v2\/product_tag?post=37422"}],"curies":[{"name":"wp","href":"https:\/\/api.w.org\/{rel}","templated":true}]}}