{"id":37487,"date":"2023-08-17T08:27:40","date_gmt":"2023-08-17T06:27:40","guid":{"rendered":"https:\/\/staging.fast-gas.com\/product\/fastgas-boca-s-okusom-jagode-za-azotov-oksid-2000-grama\/"},"modified":"2025-06-24T18:56:56","modified_gmt":"2025-06-24T16:56:56","slug":"fastgas-cilindar-azot-oksid-jagoda-2000-grama","status":"publish","type":"product","link":"https:\/\/f-whip.info\/sr\/product\/fastgas-cilindar-azot-oksid-jagoda-2000-grama\/","title":{"rendered":"FastGas Punja\u010d Sa Ukusom Jagode 2000g"},"excerpt":{"rendered":"<p>Na\u0161 najve\u0107i kapacitet boce dolazi u pogodnoj veli\u010dini i sa prakti\u010dnom trakom, napunjen ukusnim N2O sa ukusom jagode.<\/p>\n<p>Napunjen do maksimuma gasom evropskog kvaliteta i proizveden po strogoj sigurnosnoj proceduri.<\/p>\n<p>FastGas pravi najmek\u0161i \u0161lag, espume za koktele, sosove i jo\u0161 mnogo toga.<\/p>\n<p>Novi dizajn uklju\u010duje verifikacioni KR kod. <a href=\"https:\/\/f-whip.info\/sr\/verify\/\/\">Nau\u010dite kako da verifikujete svoju bocu<\/a>.<\/p>\n<p><strong>*Svaka paleta FastGas\u00ae 2kg sadr\u017ei 162 kutije (1 boca po kutiji)<\/strong><\/p>\n","protected":false},"featured_media":42482,"template":"","meta":{"_acf_changed":false},"product_brand":[],"product_cat":[485,486,495],"product_tag":[],"class_list":{"0":"post-37487","1":"product","2":"type-product","3":"status-publish","4":"has-post-thumbnail","6":"product_cat-cream-chargers-sr","7":"product_cat-nitrous-oxide-sr","8":"product_cat-svi","10":"first","11":"instock","12":"taxable","13":"shipping-taxable","14":"product-type-simple"},"acf":[],"_links":{"self":[{"href":"https:\/\/f-whip.info\/sr\/wp-json\/wp\/v2\/product\/37487","targetHints":{"allow":["GET"]}}],"collection":[{"href":"https:\/\/f-whip.info\/sr\/wp-json\/wp\/v2\/product"}],"about":[{"href":"https:\/\/f-whip.info\/sr\/wp-json\/wp\/v2\/types\/product"}],"wp:featuredmedia":[{"embeddable":true,"href":"https:\/\/f-whip.info\/sr\/wp-json\/wp\/v2\/media\/42482"}],"wp:attachment":[{"href":"https:\/\/f-whip.info\/sr\/wp-json\/wp\/v2\/media?parent=37487"}],"wp:term":[{"taxonomy":"product_brand","embeddable":true,"href":"https:\/\/f-whip.info\/sr\/wp-json\/wp\/v2\/product_brand?post=37487"},{"taxonomy":"product_cat","embeddable":true,"href":"https:\/\/f-whip.info\/sr\/wp-json\/wp\/v2\/product_cat?post=37487"},{"taxonomy":"product_tag","embeddable":true,"href":"https:\/\/f-whip.info\/sr\/wp-json\/wp\/v2\/product_tag?post=37487"}],"curies":[{"name":"wp","href":"https:\/\/api.w.org\/{rel}","templated":true}]}}