{"id":37497,"date":"2023-08-17T08:27:36","date_gmt":"2023-08-17T06:27:36","guid":{"rendered":"https:\/\/staging.fast-gas.com\/product\/fastgas-coconut-nitrous-oxide-cylinder-2000-grams\/"},"modified":"2025-06-24T18:57:23","modified_gmt":"2025-06-24T16:57:23","slug":"fastgas-kokos-cilindar-azot-oksid-2000-grama","status":"publish","type":"product","link":"https:\/\/f-whip.info\/sr\/product\/fastgas-kokos-cilindar-azot-oksid-2000-grama\/","title":{"rendered":"FastGas Punja\u010d Sa Ukusom Kokosa 2000g"},"excerpt":{"rendered":"<p>Na\u0161 najve\u0107i kanister dolazi u prakti\u010dnoj veli\u010dini sa zgodnom trakom, napunjen sa ukusnim kokosom aromatizovanim N2O.<\/p>\n<p>Napunjen do kapaciteta evropskim kvalitetnim gasom i proizveden pod strogo kontrolisanim bezbednosnim protokolima.<\/p>\n<p>FastGas proizvodi najpenastiji \u0161lag, espume za koktele, sosove i jo\u0161 mnogo toga.<\/p>\n<p>Novi dizajn uklju\u010duje verifikacioni KR kod. <a href=\"https:\/\/f-whip.info\/sr\/verify\/\/\">Nau\u010dite kako da verifikujete svoju bocu<\/a>.<\/p>\n<p><strong>*Svaka paleta FastGas\u00ae 2kg sadr\u017ei 162 kutije (1 boca po kutiji)<\/strong><\/p>\n","protected":false},"featured_media":42515,"template":"","meta":{"_acf_changed":false},"product_brand":[],"product_cat":[485,486,495],"product_tag":[],"class_list":{"0":"post-37497","1":"product","2":"type-product","3":"status-publish","4":"has-post-thumbnail","6":"product_cat-cream-chargers-sr","7":"product_cat-nitrous-oxide-sr","8":"product_cat-svi","10":"first","11":"instock","12":"taxable","13":"shipping-taxable","14":"product-type-simple"},"acf":[],"_links":{"self":[{"href":"https:\/\/f-whip.info\/sr\/wp-json\/wp\/v2\/product\/37497","targetHints":{"allow":["GET"]}}],"collection":[{"href":"https:\/\/f-whip.info\/sr\/wp-json\/wp\/v2\/product"}],"about":[{"href":"https:\/\/f-whip.info\/sr\/wp-json\/wp\/v2\/types\/product"}],"wp:featuredmedia":[{"embeddable":true,"href":"https:\/\/f-whip.info\/sr\/wp-json\/wp\/v2\/media\/42515"}],"wp:attachment":[{"href":"https:\/\/f-whip.info\/sr\/wp-json\/wp\/v2\/media?parent=37497"}],"wp:term":[{"taxonomy":"product_brand","embeddable":true,"href":"https:\/\/f-whip.info\/sr\/wp-json\/wp\/v2\/product_brand?post=37497"},{"taxonomy":"product_cat","embeddable":true,"href":"https:\/\/f-whip.info\/sr\/wp-json\/wp\/v2\/product_cat?post=37497"},{"taxonomy":"product_tag","embeddable":true,"href":"https:\/\/f-whip.info\/sr\/wp-json\/wp\/v2\/product_tag?post=37497"}],"curies":[{"name":"wp","href":"https:\/\/api.w.org\/{rel}","templated":true}]}}