{"id":42103,"date":"2025-03-18T12:15:38","date_gmt":"2025-03-18T11:15:38","guid":{"rendered":"https:\/\/staging.fast-gas.com\/?post_type=product&#038;p=42103"},"modified":"2025-06-24T18:52:06","modified_gmt":"2025-06-24T16:52:06","slug":"punjac-za-slag-670g-zelena-jabuka","status":"publish","type":"product","link":"https:\/\/f-whip.info\/sr\/product\/punjac-za-slag-670g-zelena-jabuka\/","title":{"rendered":"FastGas Punja\u010d Za \u0161Lag Sa Ukusom Zelenih Jabuka 670g"},"excerpt":{"rendered":"<p>Ukus tek ubrane jabuke!<\/p>\n<p>Na\u0161 bestseler od 670 g sada dolazi u sna\u017enoj, osve\u017eavaju\u0107oj ukusu zelene jabuke, koji \u0107e pru\u017eiti savr\u0161enu notu svakom pi\u0107u ili jelu.<\/p>\n<p>Jednokratni \u010deli\u010dni kanister sadr\u017ei uobi\u010dajeni evropski kvalitet azot-suboksida.<\/p>\n<p>FastGas pravi najpufnastiji \u0161lag, espume za koktele, soseve i jo\u0161 mnogo toga.<\/p>\n<p>Novi dizajn uklju\u010duje QR kod za verifikaciju. <a href=\"https:\/\/f-whip.info\/sr\/verify\/\">Saznajte kako da verifikujete svoju bocu.<\/a><\/p>\n<p><strong>Uklju\u010deno u me\u0161avinu od 6 ukusa.<br \/>\n*Svaka paleta od 670 g sadr\u017ei 75 kutija (6 raznovrsnih kanistara po kutiji)<\/strong><\/p>\n","protected":false},"featured_media":42604,"template":"","meta":{"_acf_changed":false},"product_brand":[],"product_cat":[485,486,495],"product_tag":[],"class_list":{"0":"post-42103","1":"product","2":"type-product","3":"status-publish","4":"has-post-thumbnail","6":"product_cat-cream-chargers-sr","7":"product_cat-nitrous-oxide-sr","8":"product_cat-svi","10":"first","11":"instock","12":"taxable","13":"shipping-taxable","14":"product-type-simple"},"acf":[],"_links":{"self":[{"href":"https:\/\/f-whip.info\/sr\/wp-json\/wp\/v2\/product\/42103","targetHints":{"allow":["GET"]}}],"collection":[{"href":"https:\/\/f-whip.info\/sr\/wp-json\/wp\/v2\/product"}],"about":[{"href":"https:\/\/f-whip.info\/sr\/wp-json\/wp\/v2\/types\/product"}],"wp:featuredmedia":[{"embeddable":true,"href":"https:\/\/f-whip.info\/sr\/wp-json\/wp\/v2\/media\/42604"}],"wp:attachment":[{"href":"https:\/\/f-whip.info\/sr\/wp-json\/wp\/v2\/media?parent=42103"}],"wp:term":[{"taxonomy":"product_brand","embeddable":true,"href":"https:\/\/f-whip.info\/sr\/wp-json\/wp\/v2\/product_brand?post=42103"},{"taxonomy":"product_cat","embeddable":true,"href":"https:\/\/f-whip.info\/sr\/wp-json\/wp\/v2\/product_cat?post=42103"},{"taxonomy":"product_tag","embeddable":true,"href":"https:\/\/f-whip.info\/sr\/wp-json\/wp\/v2\/product_tag?post=42103"}],"curies":[{"name":"wp","href":"https:\/\/api.w.org\/{rel}","templated":true}]}}