{"id":19468,"date":"2022-07-06T07:17:02","date_gmt":"2022-07-06T05:17:02","guid":{"rendered":"https:\/\/fast-gas.com\/product\/615g-lustgas-patroner-med-kvaveoxid-fast-gas-cream-charger-2\/"},"modified":"2025-06-30T18:13:03","modified_gmt":"2025-06-30T16:13:03","slug":"fastgas-original-lustgaspatron","status":"publish","type":"product","link":"https:\/\/f-whip.info\/sv\/produkt\/fastgas-original-lustgaspatron\/","title":{"rendered":"FastGas Gr\u00e4ddpatron Original 670g"},"excerpt":{"rendered":"<p>Europeisk kvalitetslustgas i en s\u00e4ker och eng\u00e5ngsanv\u00e4ndbar st\u00e5lbeh\u00e5llare.<\/p>\n<p>Effektiv och alltid fulladdad, denna 670g beh\u00e5llare \u00e4r den b\u00e4sts\u00e4ljande storleken av v\u00e5rt globalt erk\u00e4nda varum\u00e4rke.<\/p>\n<p>FastGas skapar den fluffigaste gr\u00e4dden, espumas till cocktails, s\u00e5ser och mer.<\/p>\n<p>Ny design inkluderar verifierings-QR-kod. <a href=\"https:\/\/f-whip.info\/sv\/verify\/\">L\u00e4r dig hur du verifierar din flaska<\/a>.<\/p>\n<p><strong>*Varje pall med FastGas\u00ae 670 g inneh\u00e5ller 75 kartonger (6 gaspatroner per kartong)<\/strong><\/p>\n","protected":false},"featured_media":42270,"template":"","meta":{"_acf_changed":false},"product_brand":[],"product_cat":[500,462,463],"product_tag":[],"class_list":{"0":"post-19468","1":"product","2":"type-product","3":"status-publish","4":"has-post-thumbnail","6":"product_cat-alla","7":"product_cat-graddpatroner-sv","8":"product_cat-lustgas-sv","10":"first","11":"instock","12":"taxable","13":"shipping-taxable","14":"product-type-simple"},"acf":[],"_links":{"self":[{"href":"https:\/\/f-whip.info\/sv\/wp-json\/wp\/v2\/product\/19468","targetHints":{"allow":["GET"]}}],"collection":[{"href":"https:\/\/f-whip.info\/sv\/wp-json\/wp\/v2\/product"}],"about":[{"href":"https:\/\/f-whip.info\/sv\/wp-json\/wp\/v2\/types\/product"}],"wp:featuredmedia":[{"embeddable":true,"href":"https:\/\/f-whip.info\/sv\/wp-json\/wp\/v2\/media\/42270"}],"wp:attachment":[{"href":"https:\/\/f-whip.info\/sv\/wp-json\/wp\/v2\/media?parent=19468"}],"wp:term":[{"taxonomy":"product_brand","embeddable":true,"href":"https:\/\/f-whip.info\/sv\/wp-json\/wp\/v2\/product_brand?post=19468"},{"taxonomy":"product_cat","embeddable":true,"href":"https:\/\/f-whip.info\/sv\/wp-json\/wp\/v2\/product_cat?post=19468"},{"taxonomy":"product_tag","embeddable":true,"href":"https:\/\/f-whip.info\/sv\/wp-json\/wp\/v2\/product_tag?post=19468"}],"curies":[{"name":"wp","href":"https:\/\/api.w.org\/{rel}","templated":true}]}}