{"id":33555,"date":"2024-02-28T14:55:10","date_gmt":"2024-02-28T13:55:10","guid":{"rendered":"https:\/\/fast-gas.com\/?post_type=product&#038;p=33555"},"modified":"2025-06-24T19:17:14","modified_gmt":"2025-06-24T17:17:14","slug":"fastgas-jordgubb-lustgas-cylinder-670-gram","status":"publish","type":"product","link":"https:\/\/f-whip.info\/sv\/produkt\/fastgas-jordgubb-lustgas-cylinder-670-gram\/","title":{"rendered":"FastGas Gr\u00e4ddpatron Med Jordgubb 670g"},"excerpt":{"rendered":"<p>Den v\u00e4lk\u00e4nda FastGas N2O men med en l\u00e4cker jordgubbssmak.<\/p>\n<p>670g \u00e4r den minsta storleken i v\u00e5rt sortiment: effektiv, eng\u00e5ngs och alltid av b\u00e4sta europeiska kvalitet.<\/p>\n<p>FastGas skapar den fluffigaste gr\u00e4dden, espumas till cocktails, s\u00e5ser och mer.<\/p>\n<p>Ny design inkluderar verifierings-QR-kod. <a href=\"https:\/\/f-whip.info\/sv\/verify\/\">L\u00e4r dig hur du verifierar din flaska<\/a>.<\/p>\n<p><strong>Ing\u00e5r i en mix av 6 smaker.<br \/>\n*Varje pall med FastGas\u00ae 670 g inneh\u00e5ller 75 kartonger (6 blandade gaspatroner per kartong)<\/strong><\/p>\n","protected":false},"featured_media":42314,"template":"","meta":{"_acf_changed":false},"product_brand":[],"product_cat":[500,462,463],"product_tag":[],"class_list":{"0":"post-33555","1":"product","2":"type-product","3":"status-publish","4":"has-post-thumbnail","6":"product_cat-alla","7":"product_cat-graddpatroner-sv","8":"product_cat-lustgas-sv","10":"first","11":"instock","12":"taxable","13":"shipping-taxable","14":"product-type-simple"},"acf":[],"_links":{"self":[{"href":"https:\/\/f-whip.info\/sv\/wp-json\/wp\/v2\/product\/33555","targetHints":{"allow":["GET"]}}],"collection":[{"href":"https:\/\/f-whip.info\/sv\/wp-json\/wp\/v2\/product"}],"about":[{"href":"https:\/\/f-whip.info\/sv\/wp-json\/wp\/v2\/types\/product"}],"wp:featuredmedia":[{"embeddable":true,"href":"https:\/\/f-whip.info\/sv\/wp-json\/wp\/v2\/media\/42314"}],"wp:attachment":[{"href":"https:\/\/f-whip.info\/sv\/wp-json\/wp\/v2\/media?parent=33555"}],"wp:term":[{"taxonomy":"product_brand","embeddable":true,"href":"https:\/\/f-whip.info\/sv\/wp-json\/wp\/v2\/product_brand?post=33555"},{"taxonomy":"product_cat","embeddable":true,"href":"https:\/\/f-whip.info\/sv\/wp-json\/wp\/v2\/product_cat?post=33555"},{"taxonomy":"product_tag","embeddable":true,"href":"https:\/\/f-whip.info\/sv\/wp-json\/wp\/v2\/product_tag?post=33555"}],"curies":[{"name":"wp","href":"https:\/\/api.w.org\/{rel}","templated":true}]}}