{"id":33686,"date":"2024-02-28T15:11:56","date_gmt":"2024-02-28T14:11:56","guid":{"rendered":"https:\/\/fast-gas.com\/?post_type=product&#038;p=33686"},"modified":"2025-06-24T19:16:46","modified_gmt":"2025-06-24T17:16:46","slug":"fastgas-kokosnotslustgas-cylinder-670-gram","status":"publish","type":"product","link":"https:\/\/f-whip.info\/sv\/produkt\/fastgas-kokosnotslustgas-cylinder-670-gram\/","title":{"rendered":"FastGas Gr\u00e4ddpatron Med Kokos 670g"},"excerpt":{"rendered":"<p>Det ber\u00f6mda FastGas N2O men med en uts\u00f6kt kokossmak.<\/p>\n<p>670g \u00e4r den minsta storleken i v\u00e5rt sortiment: effektiv, eng\u00e5ngs och alltid b\u00e4sta europeiska kvalitet.<\/p>\n<p>FastGas skapar det fluffigaste av vispgr\u00e4dden, espumas till cocktails, s\u00e5ser och mycket mer.<\/p>\n<p>Ny design inkluderar verifierings-QR-kod. <a href=\"https:\/\/f-whip.info\/sv\/verify\/\">L\u00e4r dig hur du verifierar din flaska<\/a>.<\/p>\n<p><strong>Ing\u00e5r i en mix av 6 smaker.<br \/>\n*Varje pall med FastGas\u00ae 670 g inneh\u00e5ller 75 kartonger (6 blandade gaspatroner per kartong)<\/strong><\/p>\n","protected":false},"featured_media":42360,"template":"","meta":{"_acf_changed":false},"product_brand":[],"product_cat":[500,462,463],"product_tag":[],"class_list":{"0":"post-33686","1":"product","2":"type-product","3":"status-publish","4":"has-post-thumbnail","6":"product_cat-alla","7":"product_cat-graddpatroner-sv","8":"product_cat-lustgas-sv","10":"first","11":"instock","12":"taxable","13":"shipping-taxable","14":"product-type-simple"},"acf":[],"_links":{"self":[{"href":"https:\/\/f-whip.info\/sv\/wp-json\/wp\/v2\/product\/33686","targetHints":{"allow":["GET"]}}],"collection":[{"href":"https:\/\/f-whip.info\/sv\/wp-json\/wp\/v2\/product"}],"about":[{"href":"https:\/\/f-whip.info\/sv\/wp-json\/wp\/v2\/types\/product"}],"wp:featuredmedia":[{"embeddable":true,"href":"https:\/\/f-whip.info\/sv\/wp-json\/wp\/v2\/media\/42360"}],"wp:attachment":[{"href":"https:\/\/f-whip.info\/sv\/wp-json\/wp\/v2\/media?parent=33686"}],"wp:term":[{"taxonomy":"product_brand","embeddable":true,"href":"https:\/\/f-whip.info\/sv\/wp-json\/wp\/v2\/product_brand?post=33686"},{"taxonomy":"product_cat","embeddable":true,"href":"https:\/\/f-whip.info\/sv\/wp-json\/wp\/v2\/product_cat?post=33686"},{"taxonomy":"product_tag","embeddable":true,"href":"https:\/\/f-whip.info\/sv\/wp-json\/wp\/v2\/product_tag?post=33686"}],"curies":[{"name":"wp","href":"https:\/\/api.w.org\/{rel}","templated":true}]}}