{"id":33933,"date":"2023-08-17T08:27:33","date_gmt":"2023-08-17T06:27:33","guid":{"rendered":"https:\/\/fast-gas.com\/product\/fastgas-original-nitrous-oxide-cylinder-2000-grams\/"},"modified":"2025-06-24T19:18:18","modified_gmt":"2025-06-24T17:18:18","slug":"fastgas-original-lustgasbehalare-2000-gram","status":"publish","type":"product","link":"https:\/\/f-whip.info\/sv\/produkt\/fastgas-original-lustgasbehalare-2000-gram\/","title":{"rendered":"FastGas Gr\u00e4ddpatron Original 2000g"},"excerpt":{"rendered":"<p>V\u00e5r st\u00f6rsta beh\u00e5llare har en praktisk storlek och kommer med ett smidigt b\u00e4rb\u00e4lte.<\/p>\n<p>Fylld till max med lustgas av europeisk kvalitet och producerad under strikta s\u00e4kerhetsprotokoll.<\/p>\n<p>FastGas skapar den fluffigaste vispgr\u00e4dden, espumas f\u00f6r cocktails, s\u00e5ser och mer.<\/p>\n<p>Ny design inkluderar verifierings-QR-kod. <a href=\"https:\/\/f-whip.info\/sv\/verify\/\">L\u00e4r dig hur du verifierar din flaska<\/a>.<\/p>\n<p><strong>*Varje pall med FastGas\u00ae 2 kg inneh\u00e5ller 162 kartonger (1 gaspatron per kartong)<\/strong><\/p>\n","protected":false},"featured_media":42405,"template":"","meta":{"_acf_changed":false},"product_brand":[],"product_cat":[500,462,463],"product_tag":[],"class_list":{"0":"post-33933","1":"product","2":"type-product","3":"status-publish","4":"has-post-thumbnail","6":"product_cat-alla","7":"product_cat-graddpatroner-sv","8":"product_cat-lustgas-sv","10":"first","11":"instock","12":"taxable","13":"shipping-taxable","14":"product-type-simple"},"acf":[],"_links":{"self":[{"href":"https:\/\/f-whip.info\/sv\/wp-json\/wp\/v2\/product\/33933","targetHints":{"allow":["GET"]}}],"collection":[{"href":"https:\/\/f-whip.info\/sv\/wp-json\/wp\/v2\/product"}],"about":[{"href":"https:\/\/f-whip.info\/sv\/wp-json\/wp\/v2\/types\/product"}],"wp:featuredmedia":[{"embeddable":true,"href":"https:\/\/f-whip.info\/sv\/wp-json\/wp\/v2\/media\/42405"}],"wp:attachment":[{"href":"https:\/\/f-whip.info\/sv\/wp-json\/wp\/v2\/media?parent=33933"}],"wp:term":[{"taxonomy":"product_brand","embeddable":true,"href":"https:\/\/f-whip.info\/sv\/wp-json\/wp\/v2\/product_brand?post=33933"},{"taxonomy":"product_cat","embeddable":true,"href":"https:\/\/f-whip.info\/sv\/wp-json\/wp\/v2\/product_cat?post=33933"},{"taxonomy":"product_tag","embeddable":true,"href":"https:\/\/f-whip.info\/sv\/wp-json\/wp\/v2\/product_tag?post=33933"}],"curies":[{"name":"wp","href":"https:\/\/api.w.org\/{rel}","templated":true}]}}