{"id":34312,"date":"2023-08-17T08:27:40","date_gmt":"2023-08-17T06:27:40","guid":{"rendered":"https:\/\/fast-gas.com\/product\/fastgas-strawberry-nitrous-oxide-cylinder-2000-grams\/"},"modified":"2025-06-30T18:54:45","modified_gmt":"2025-06-30T16:54:45","slug":"fastgas-jordgubb-lustgas-tub-2000-gram","status":"publish","type":"product","link":"https:\/\/f-whip.info\/sv\/produkt\/fastgas-jordgubb-lustgas-tub-2000-gram\/","title":{"rendered":"FastGas Gr\u00e4ddpatron Med Jordgubb 2000g"},"excerpt":{"rendered":"<p>V\u00e5r st\u00f6rsta kapacitetstub levereras i en bekv\u00e4m storlek och med ett praktiskt handtag, fylld med delikat jordgubbssmakande N2O.<\/p>\n<p>Fylld till max med gas av europeisk kvalitet och producerad under str\u00e4nga s\u00e4kerhetsprotokoll.<\/p>\n<p>FastGas skapar den fluffigaste vispgr\u00e4dden, espumas f\u00f6r cocktails, s\u00e5ser och mer.<\/p>\n<p>Ny design inkluderar verifierings-QR-kod. <a href=\"https:\/\/f-whip.info\/sv\/verify\/\">L\u00e4r dig hur du verifierar din flaska<\/a>.<\/p>\n<p><strong>*Varje pall med FastGas\u00ae 2 kg inneh\u00e5ller 162 kartonger (1 gaspatron per kartong)<\/strong><\/p>\n","protected":false},"featured_media":42484,"template":"","meta":{"_acf_changed":false},"product_brand":[],"product_cat":[500,462,463],"product_tag":[],"class_list":{"0":"post-34312","1":"product","2":"type-product","3":"status-publish","4":"has-post-thumbnail","6":"product_cat-alla","7":"product_cat-graddpatroner-sv","8":"product_cat-lustgas-sv","10":"first","11":"instock","12":"taxable","13":"shipping-taxable","14":"product-type-simple"},"acf":[],"_links":{"self":[{"href":"https:\/\/f-whip.info\/sv\/wp-json\/wp\/v2\/product\/34312","targetHints":{"allow":["GET"]}}],"collection":[{"href":"https:\/\/f-whip.info\/sv\/wp-json\/wp\/v2\/product"}],"about":[{"href":"https:\/\/f-whip.info\/sv\/wp-json\/wp\/v2\/types\/product"}],"wp:featuredmedia":[{"embeddable":true,"href":"https:\/\/f-whip.info\/sv\/wp-json\/wp\/v2\/media\/42484"}],"wp:attachment":[{"href":"https:\/\/f-whip.info\/sv\/wp-json\/wp\/v2\/media?parent=34312"}],"wp:term":[{"taxonomy":"product_brand","embeddable":true,"href":"https:\/\/f-whip.info\/sv\/wp-json\/wp\/v2\/product_brand?post=34312"},{"taxonomy":"product_cat","embeddable":true,"href":"https:\/\/f-whip.info\/sv\/wp-json\/wp\/v2\/product_cat?post=34312"},{"taxonomy":"product_tag","embeddable":true,"href":"https:\/\/f-whip.info\/sv\/wp-json\/wp\/v2\/product_tag?post=34312"}],"curies":[{"name":"wp","href":"https:\/\/api.w.org\/{rel}","templated":true}]}}