{"id":34360,"date":"2023-08-17T08:27:36","date_gmt":"2023-08-17T06:27:36","guid":{"rendered":"https:\/\/fast-gas.com\/product\/fastgas-coconut-nitrous-oxide-cylinder-2000-grams\/"},"modified":"2025-06-30T18:27:00","modified_gmt":"2025-06-30T16:27:00","slug":"fastgas-kokos-lustgasbehalare-2000-gram","status":"publish","type":"product","link":"https:\/\/f-whip.info\/sv\/produkt\/fastgas-kokos-lustgasbehalare-2000-gram\/","title":{"rendered":"FastGas Gr\u00e4ddpatron Med Kokos 2000g"},"excerpt":{"rendered":"<p>V\u00e5r st\u00f6rsta kapacitetsbeh\u00e5llare kommer i en bekv\u00e4m storlek med en praktisk remsa, fylld med l\u00e4cker kokossmaksatt N2O.<\/p>\n<p>Fylld till max med gas av europeisk kvalitet och producerad under strikta s\u00e4kerhetsprotokoll.<\/p>\n<p>FastGas skapar den fluffigaste gr\u00e4dden, espumas till cocktails, s\u00e5ser och mer.<\/p>\n<p>Ny design inkluderar verifierings-QR-kod. <a href=\"https:\/\/f-whip.info\/sv\/verify\/\">L\u00e4r dig hur du verifierar din flaska<\/a>.<\/p>\n<p><strong>*Varje pall med FastGas\u00ae 2 kg inneh\u00e5ller 162 kartonger (1 gaspatron per kartong)<\/strong><\/p>\n","protected":false},"featured_media":42517,"template":"","meta":{"_acf_changed":false},"product_brand":[],"product_cat":[500,462,463],"product_tag":[],"class_list":{"0":"post-34360","1":"product","2":"type-product","3":"status-publish","4":"has-post-thumbnail","6":"product_cat-alla","7":"product_cat-graddpatroner-sv","8":"product_cat-lustgas-sv","10":"first","11":"instock","12":"taxable","13":"shipping-taxable","14":"product-type-simple"},"acf":[],"_links":{"self":[{"href":"https:\/\/f-whip.info\/sv\/wp-json\/wp\/v2\/product\/34360","targetHints":{"allow":["GET"]}}],"collection":[{"href":"https:\/\/f-whip.info\/sv\/wp-json\/wp\/v2\/product"}],"about":[{"href":"https:\/\/f-whip.info\/sv\/wp-json\/wp\/v2\/types\/product"}],"wp:featuredmedia":[{"embeddable":true,"href":"https:\/\/f-whip.info\/sv\/wp-json\/wp\/v2\/media\/42517"}],"wp:attachment":[{"href":"https:\/\/f-whip.info\/sv\/wp-json\/wp\/v2\/media?parent=34360"}],"wp:term":[{"taxonomy":"product_brand","embeddable":true,"href":"https:\/\/f-whip.info\/sv\/wp-json\/wp\/v2\/product_brand?post=34360"},{"taxonomy":"product_cat","embeddable":true,"href":"https:\/\/f-whip.info\/sv\/wp-json\/wp\/v2\/product_cat?post=34360"},{"taxonomy":"product_tag","embeddable":true,"href":"https:\/\/f-whip.info\/sv\/wp-json\/wp\/v2\/product_tag?post=34360"}],"curies":[{"name":"wp","href":"https:\/\/api.w.org\/{rel}","templated":true}]}}