{"id":36013,"date":"2024-06-12T13:25:43","date_gmt":"2024-06-12T11:25:43","guid":{"rendered":"https:\/\/fast-gas.com\/?post_type=product&#038;p=36013"},"modified":"2025-03-25T10:37:14","modified_gmt":"2025-03-25T10:37:14","slug":"fastgas-graddsifon","status":"publish","type":"product","link":"https:\/\/f-whip.info\/sv\/produkt\/fastgas-graddsifon\/","title":{"rendered":"FastGas Gr\u00e4ddsifon"},"excerpt":{"rendered":"<p>V\u00e5rt ultimata tillbeh\u00f6r f\u00f6r bar och k\u00f6k.<\/p>\n<p>En innovativ N2O-dispenser anpassad f\u00f6r att skapa vispad gr\u00e4dde, kalla skum och s\u00e5ser. Kompatibel med v\u00e5r FastGas 670g-patron.<\/p>\n<p>Oavsett om du \u00e4r en proffs eller testar saker hemma, \u00e4r gr\u00e4ddsifonen designad f\u00f6r att frig\u00f6ra din kreativitet.<\/p>\n<p>DET REKOMMENDERADE PRIS \u00e4r 89,90 \u20ac<\/p>\n<p>Sifoner s\u00e4ljs separat.<\/p>\n","protected":false},"featured_media":42729,"template":"","meta":{"_acf_changed":false},"product_brand":[],"product_cat":[500,462,463],"product_tag":[],"class_list":{"0":"post-36013","1":"product","2":"type-product","3":"status-publish","4":"has-post-thumbnail","6":"product_cat-alla","7":"product_cat-graddpatroner-sv","8":"product_cat-lustgas-sv","10":"first","11":"instock","12":"taxable","13":"shipping-taxable","14":"product-type-simple"},"acf":[],"_links":{"self":[{"href":"https:\/\/f-whip.info\/sv\/wp-json\/wp\/v2\/product\/36013","targetHints":{"allow":["GET"]}}],"collection":[{"href":"https:\/\/f-whip.info\/sv\/wp-json\/wp\/v2\/product"}],"about":[{"href":"https:\/\/f-whip.info\/sv\/wp-json\/wp\/v2\/types\/product"}],"wp:featuredmedia":[{"embeddable":true,"href":"https:\/\/f-whip.info\/sv\/wp-json\/wp\/v2\/media\/42729"}],"wp:attachment":[{"href":"https:\/\/f-whip.info\/sv\/wp-json\/wp\/v2\/media?parent=36013"}],"wp:term":[{"taxonomy":"product_brand","embeddable":true,"href":"https:\/\/f-whip.info\/sv\/wp-json\/wp\/v2\/product_brand?post=36013"},{"taxonomy":"product_cat","embeddable":true,"href":"https:\/\/f-whip.info\/sv\/wp-json\/wp\/v2\/product_cat?post=36013"},{"taxonomy":"product_tag","embeddable":true,"href":"https:\/\/f-whip.info\/sv\/wp-json\/wp\/v2\/product_tag?post=36013"}],"curies":[{"name":"wp","href":"https:\/\/api.w.org\/{rel}","templated":true}]}}