{"id":42116,"date":"2025-03-18T13:13:48","date_gmt":"2025-03-18T12:13:48","guid":{"rendered":"https:\/\/staging.fast-gas.com\/?post_type=product&#038;p=42116"},"modified":"2025-06-24T19:13:35","modified_gmt":"2025-06-24T17:13:35","slug":"graddepatron-670g-banan","status":"publish","type":"product","link":"https:\/\/f-whip.info\/sv\/produkt\/graddepatron-670g-banan\/","title":{"rendered":"FastGas Gr\u00e4ddpatron Med Banan 670g"},"excerpt":{"rendered":"<p>Bli helt banan!<\/p>\n<p>V\u00e5r b\u00e4sts\u00e4ljande 670 g finns nu i en kr\u00e4mig och tydlig banansmak som f\u00e5r alla att vilja ta en portion till!<\/p>\n<p>Den eng\u00e5ngs-st\u00e5lcylindern inneh\u00e5ller den v\u00e4lk\u00e4nda europeiska kvalitetslustgasen.<\/p>\n<p>FastGas ger de fluffigaste vispgr\u00e4ddarna, espumas f\u00f6r cocktails, s\u00e5ser och mycket mer.<\/p>\n<p>Den nya designen inneh\u00e5ller en QR-kod f\u00f6r verifiering. <a href=\"https:\/\/f-whip.info\/sv\/verify\/\">L\u00e4r dig hur du verifierar din flaska.<\/a><\/p>\n<p><strong>Ing\u00e5r i en mix av 6 smaker.<br \/>\n*Varje pall med 670 g inneh\u00e5ller 75 l\u00e5dor (6 blandade cylindrar per l\u00e5da)<\/strong><\/p>\n","protected":false},"featured_media":42696,"template":"","meta":{"_acf_changed":false},"product_brand":[],"product_cat":[500,462,463],"product_tag":[],"class_list":{"0":"post-42116","1":"product","2":"type-product","3":"status-publish","4":"has-post-thumbnail","6":"product_cat-alla","7":"product_cat-graddpatroner-sv","8":"product_cat-lustgas-sv","10":"first","11":"instock","12":"taxable","13":"shipping-taxable","14":"product-type-simple"},"acf":[],"_links":{"self":[{"href":"https:\/\/f-whip.info\/sv\/wp-json\/wp\/v2\/product\/42116","targetHints":{"allow":["GET"]}}],"collection":[{"href":"https:\/\/f-whip.info\/sv\/wp-json\/wp\/v2\/product"}],"about":[{"href":"https:\/\/f-whip.info\/sv\/wp-json\/wp\/v2\/types\/product"}],"wp:featuredmedia":[{"embeddable":true,"href":"https:\/\/f-whip.info\/sv\/wp-json\/wp\/v2\/media\/42696"}],"wp:attachment":[{"href":"https:\/\/f-whip.info\/sv\/wp-json\/wp\/v2\/media?parent=42116"}],"wp:term":[{"taxonomy":"product_brand","embeddable":true,"href":"https:\/\/f-whip.info\/sv\/wp-json\/wp\/v2\/product_brand?post=42116"},{"taxonomy":"product_cat","embeddable":true,"href":"https:\/\/f-whip.info\/sv\/wp-json\/wp\/v2\/product_cat?post=42116"},{"taxonomy":"product_tag","embeddable":true,"href":"https:\/\/f-whip.info\/sv\/wp-json\/wp\/v2\/product_tag?post=42116"}],"curies":[{"name":"wp","href":"https:\/\/api.w.org\/{rel}","templated":true}]}}