{"id":42138,"date":"2025-03-18T13:26:42","date_gmt":"2025-03-18T12:26:42","guid":{"rendered":"https:\/\/staging.fast-gas.com\/?post_type=product&#038;p=42138"},"modified":"2025-03-27T08:51:10","modified_gmt":"2025-03-27T08:51:10","slug":"graddsifon","status":"publish","type":"product","link":"https:\/\/f-whip.info\/sv\/produkt\/graddsifon\/","title":{"rendered":"Sifon"},"excerpt":{"rendered":"<p>FastGas gr\u00e4ddsifon \u00e4r utformad f\u00f6r att dispensra den slutliga produkten: vispgr\u00e4dde, espumas och skum p\u00e5 dina kulinariska eller barm\u00e4ssiga skapelser.<\/p>\n<p>Kompatibel med FastGas Creamer och FastGas tryckregulator samt de flesta branschstandarder.<\/p>\n<p>Endast l\u00e4mplig f\u00f6r kalla blandningar.<\/p>\n","protected":false},"featured_media":42740,"template":"","meta":{"_acf_changed":false},"product_brand":[],"product_cat":[500,462,463],"product_tag":[],"class_list":{"0":"post-42138","1":"product","2":"type-product","3":"status-publish","4":"has-post-thumbnail","6":"product_cat-alla","7":"product_cat-graddpatroner-sv","8":"product_cat-lustgas-sv","10":"first","11":"instock","12":"taxable","13":"shipping-taxable","14":"product-type-simple"},"acf":[],"_links":{"self":[{"href":"https:\/\/f-whip.info\/sv\/wp-json\/wp\/v2\/product\/42138","targetHints":{"allow":["GET"]}}],"collection":[{"href":"https:\/\/f-whip.info\/sv\/wp-json\/wp\/v2\/product"}],"about":[{"href":"https:\/\/f-whip.info\/sv\/wp-json\/wp\/v2\/types\/product"}],"wp:featuredmedia":[{"embeddable":true,"href":"https:\/\/f-whip.info\/sv\/wp-json\/wp\/v2\/media\/42740"}],"wp:attachment":[{"href":"https:\/\/f-whip.info\/sv\/wp-json\/wp\/v2\/media?parent=42138"}],"wp:term":[{"taxonomy":"product_brand","embeddable":true,"href":"https:\/\/f-whip.info\/sv\/wp-json\/wp\/v2\/product_brand?post=42138"},{"taxonomy":"product_cat","embeddable":true,"href":"https:\/\/f-whip.info\/sv\/wp-json\/wp\/v2\/product_cat?post=42138"},{"taxonomy":"product_tag","embeddable":true,"href":"https:\/\/f-whip.info\/sv\/wp-json\/wp\/v2\/product_tag?post=42138"}],"curies":[{"name":"wp","href":"https:\/\/api.w.org\/{rel}","templated":true}]}}