{"id":42149,"date":"2025-03-18T13:32:53","date_gmt":"2025-03-18T12:32:53","guid":{"rendered":"https:\/\/staging.fast-gas.com\/?post_type=product&#038;p=42149"},"modified":"2025-07-11T19:30:23","modified_gmt":"2025-07-11T17:30:23","slug":"tryckregulator","status":"publish","type":"product","link":"https:\/\/f-whip.info\/sv\/produkt\/tryckregulator\/","title":{"rendered":"Tryckregulator"},"excerpt":{"rendered":"<p data-start=\"52\" data-end=\"174\">FastGas tryckregulatorer erbjuder en p\u00e5litlig och l\u00e4ttanv\u00e4nd l\u00f6sning f\u00f6r att ladda gr\u00e4ddsifoner och sodasifoner. Kompatibla med de flesta lustgas- och CO\u2082-beh\u00e5llare s\u00e4kerst\u00e4ller de j\u00e4mn och konsekvent prestanda i en m\u00e4ngd olika anv\u00e4ndningsomr\u00e5den.<\/p>\n<p data-start=\"311\" data-end=\"332\"><span class=\"title-highlight\"><strong data-start=\"315\" data-end=\"330\">Beskrivning<\/strong><\/span><\/p>\n<p data-start=\"333\" data-end=\"588\">Dessa regulatorer \u00e4r konstruerade f\u00f6r effektivitet och oavbruten anv\u00e4ndning, och \u00e4r idealiska f\u00f6r milj\u00f6er med h\u00f6g efterfr\u00e5gan som barer, professionella k\u00f6k och kaf\u00e9er. De \u00e4r ocks\u00e5 en praktisk l\u00f6sning f\u00f6r hemmabrukare som tillagar stora m\u00e4ngder vispgr\u00e4dde.<\/p>\n<p data-start=\"590\" data-end=\"870\">Regulatorerna \u00e4r s\u00e4rskilt anv\u00e4ndbara med st\u00f6rre 2L- och 3L-beh\u00e5llare d\u00e4r Creamer-maskinen \u00e4nnu inte \u00e4r tillg\u00e4nglig. De m\u00f6jligg\u00f6r en smidig och avbrottsfri drift \u2013 till skillnad fr\u00e5n den traditionella metoden med sm\u00e5 8g patroner som kr\u00e4ver st\u00e4ndig p\u00e5fyllning och st\u00f6r arbetsfl\u00f6det.<\/p>\n","protected":false},"featured_media":42752,"template":"","meta":{"_acf_changed":false},"product_brand":[],"product_cat":[500,462,463],"product_tag":[],"class_list":{"0":"post-42149","1":"product","2":"type-product","3":"status-publish","4":"has-post-thumbnail","6":"product_cat-alla","7":"product_cat-graddpatroner-sv","8":"product_cat-lustgas-sv","10":"first","11":"instock","12":"taxable","13":"shipping-taxable","14":"product-type-simple"},"acf":[],"_links":{"self":[{"href":"https:\/\/f-whip.info\/sv\/wp-json\/wp\/v2\/product\/42149","targetHints":{"allow":["GET"]}}],"collection":[{"href":"https:\/\/f-whip.info\/sv\/wp-json\/wp\/v2\/product"}],"about":[{"href":"https:\/\/f-whip.info\/sv\/wp-json\/wp\/v2\/types\/product"}],"wp:featuredmedia":[{"embeddable":true,"href":"https:\/\/f-whip.info\/sv\/wp-json\/wp\/v2\/media\/42752"}],"wp:attachment":[{"href":"https:\/\/f-whip.info\/sv\/wp-json\/wp\/v2\/media?parent=42149"}],"wp:term":[{"taxonomy":"product_brand","embeddable":true,"href":"https:\/\/f-whip.info\/sv\/wp-json\/wp\/v2\/product_brand?post=42149"},{"taxonomy":"product_cat","embeddable":true,"href":"https:\/\/f-whip.info\/sv\/wp-json\/wp\/v2\/product_cat?post=42149"},{"taxonomy":"product_tag","embeddable":true,"href":"https:\/\/f-whip.info\/sv\/wp-json\/wp\/v2\/product_tag?post=42149"}],"curies":[{"name":"wp","href":"https:\/\/api.w.org\/{rel}","templated":true}]}}