{"id":43137,"date":"2025-03-24T14:45:52","date_gmt":"2025-03-24T13:45:52","guid":{"rendered":"https:\/\/staging.fast-gas.com\/product\/cream-chargers-670g-6-bottles-box-mixed-2\/"},"modified":"2025-06-24T19:09:53","modified_gmt":"2025-06-24T17:09:53","slug":"graddepatroner-670g-6-flaskor-lada-blandad","status":"publish","type":"product","link":"https:\/\/f-whip.info\/sv\/produkt\/graddepatroner-670g-6-flaskor-lada-blandad\/","title":{"rendered":"FastGas Blandad Smakbox \u2013 670g"},"excerpt":{"rendered":"<p>FastGas satsar allt med denna perfekt sammansatta l\u00e5da med 6 uts\u00f6kta N2O-smaker.<\/p>\n<p>Sl\u00e4pp loss din kreativitet i drycker och r\u00e4tter med v\u00e5r b\u00e4sts\u00e4ljande, europeiska kvalitets-N2O, som erbjuder de mest sp\u00e4nnande smakerna: jordgubbe, kokos, druva, gr\u00f6nt \u00e4pple, banan och bl\u00e5b\u00e4r.<\/p>\n<p>Var och en av de 6 beh\u00e5llarna p\u00e5 670 g \u00e4r en s\u00e4ker och eng\u00e5ngs st\u00e5lcylinder.<\/p>\n<p>FastGas ger de fluffigaste vispgr\u00e4ddarna, espumas f\u00f6r drinkar, s\u00e5ser och mycket mer.<\/p>\n<p>Den nya designen inneh\u00e5ller en QR-kod f\u00f6r verifiering. <a href=\"https:\/\/f-whip.info\/sv\/verify\/\">L\u00e4r dig hur du verifierar din flaska.<\/a><\/p>\n<div class=\"woocommerce-product-details__short-description fast-gas\">\n<p><strong>*Varje pall med 670 g inneh\u00e5ller 75 l\u00e5dor (6 cylindrar per l\u00e5da)<\/strong><\/p>\n<\/div>\n","protected":false},"featured_media":42617,"template":"","meta":{"_acf_changed":false},"product_brand":[],"product_cat":[500,462,463],"product_tag":[],"class_list":{"0":"post-43137","1":"product","2":"type-product","3":"status-publish","4":"has-post-thumbnail","6":"product_cat-alla","7":"product_cat-graddpatroner-sv","8":"product_cat-lustgas-sv","10":"first","11":"instock","12":"taxable","13":"shipping-taxable","14":"product-type-simple"},"acf":[],"_links":{"self":[{"href":"https:\/\/f-whip.info\/sv\/wp-json\/wp\/v2\/product\/43137","targetHints":{"allow":["GET"]}}],"collection":[{"href":"https:\/\/f-whip.info\/sv\/wp-json\/wp\/v2\/product"}],"about":[{"href":"https:\/\/f-whip.info\/sv\/wp-json\/wp\/v2\/types\/product"}],"wp:featuredmedia":[{"embeddable":true,"href":"https:\/\/f-whip.info\/sv\/wp-json\/wp\/v2\/media\/42617"}],"wp:attachment":[{"href":"https:\/\/f-whip.info\/sv\/wp-json\/wp\/v2\/media?parent=43137"}],"wp:term":[{"taxonomy":"product_brand","embeddable":true,"href":"https:\/\/f-whip.info\/sv\/wp-json\/wp\/v2\/product_brand?post=43137"},{"taxonomy":"product_cat","embeddable":true,"href":"https:\/\/f-whip.info\/sv\/wp-json\/wp\/v2\/product_cat?post=43137"},{"taxonomy":"product_tag","embeddable":true,"href":"https:\/\/f-whip.info\/sv\/wp-json\/wp\/v2\/product_tag?post=43137"}],"curies":[{"name":"wp","href":"https:\/\/api.w.org\/{rel}","templated":true}]}}